{"id":97,"date":"2020-04-12T10:58:17","date_gmt":"2020-04-12T10:58:17","guid":{"rendered":"https:\/\/mvszsz.hu\/?page_id=97"},"modified":"2020-07-30T12:04:47","modified_gmt":"2020-07-30T10:04:47","slug":"magyar-vedonok-szakmai-szovetsege","status":"publish","type":"page","link":"https:\/\/regi.mvszsz.hu\/?page_id=97","title":{"rendered":"Bemutatkoz\u00e1s"},"content":{"rendered":"\n<p>A Magyar V\u00e9d\u0151n\u0151k Szakmai Sz\u00f6vets\u00e9ge (MVSZSZ) 2019. augusztus 7-\u00e9n alakult. A Budapest K\u00f6rny\u00e9ki T\u00f6rv\u00e9nysz\u00e9k 13-02-0007693 nyilv\u00e1ntart\u00e1si sz\u00e1mon egyes\u00fcletk\u00e9nt jegyezte be.\u00a0\u00a0<\/p>\n\n\n\n<p>K\u00fcldet\u00e9s\u00fcnk, hogy egy kiterjedt csal\u00e1dbar\u00e1t szeml\u00e9letben min\u00e9l t\u00f6bben egy\u00fcttm\u0171k\u00f6dj\u00fcnk, akik hivat\u00e1suk elengedhetetlen r\u00e9sz\u00e9nek, sz\u00edv\u00fcgy\u00fcknek tekintj\u00fck a lakos\u00e1g eg\u00e9szs\u00e9gi \u00e1llapot\u00e1t, a j\u00f6v\u0151 nemzed\u00e9kek test-lelki j\u00f3ll\u00e9t\u00e9t, \u00e9s k\u00fcl\u00f6n\u00f6sen a reprodukt\u00edv eg\u00e9szs\u00e9g v\u00e9delm\u00e9t.<\/p>\n\n\n\n<p>Sz\u00f6vets\u00e9g\u00fcnk tev\u00e9kenys\u00e9g\u00e9ben \u00f6sszehangoljuk minden \u00e9rintett szakter\u00fclet bekapcsol\u00f3d\u00e1s\u00e1t, egy\u00fcttm\u0171k\u00f6d\u00e9s\u00e9t, a lakoss\u00e1g akt\u00edv r\u00e9szv\u00e9tel\u00e9t, az eg\u00e9szs\u00e9gtudom\u00e1ny folyamatos elm\u00e9leti \u00e9s m\u00f3dszertani fejleszt\u00e9s\u00e9t, a t\u00e1rs tudom\u00e1nyok \u00e9s a modern technol\u00f3gia v\u00edvm\u00e1nyainak felhaszn\u00e1l\u00e1s\u00e1t.&nbsp;<\/p>\n\n\n\n<p>Az Egyes\u00fclet c\u00e9lj\u00e1nak megval\u00f3s\u00edt\u00e1sa \u00e9rdek\u00e9ben egy\u00fcttm\u0171k\u00f6dik \u00e1llami, t\u00e1rsadalmi, civil, egyh\u00e1zi \u00e9s gazd\u00e1lkod\u00f3 szervezetekkel, amelyek seg\u00edtik az Egyes\u00fclet eredm\u00e9nyes m\u0171k\u00f6d\u00e9s\u00e9t \u00e9s c\u00e9ljainak megval\u00f3s\u00edt\u00e1s\u00e1t a csal\u00e1dok testi-lelki eg\u00e9szs\u00e9g\u00e9nek fejleszt\u00e9s\u00e9t.<\/p>\n\n\n\n<p>Az Egyes\u00fclet c\u00e9lja tov\u00e1bb\u00e1 a v\u00e9d\u0151n\u0151i hivat\u00e1s szakmai sz\u00ednvonal\u00e1nak emel\u00e9se, a v\u00e9d\u0151n\u0151i szolg\u00e1ltat\u00e1sok fejleszt\u00e9se, min\u0151s\u00e9gi v\u00e1ltoztat\u00e1sok bevezet\u00e9s\u00e9nek el\u0151seg\u00edt\u00e9se, k\u00fcl\u00f6n\u00f6s tekintettel a speci\u00e1lis sz\u00fcks\u00e9glet\u0171, illetve h\u00e1tr\u00e1nyt szenved\u0151, es\u00e9lyegyenl\u0151s\u00e9gi szempontb\u00f3l vesz\u00e9lyeztetett, vagy k\u00fcl\u00f6nleges figyelmet \u00e9rdeml\u0151 gondozottakra (fogyat\u00e9koss\u00e1ggal \u00e9l\u0151k, fiatalok, t\u00f6bb gyermekes csal\u00e1dok, egyed\u00fcl\u00e1ll\u00f3 sz\u00fcl\u0151k, szeg\u00e9nysorban \u00e9l\u0151k stb).<\/p>\n\n\n\n<p>Az Egyes\u00fclet c\u00e9lj\u00e1nak megval\u00f3s\u00edt\u00e1sa \u00e9rdek\u00e9ben egy\u00fcttm\u0171k\u00f6dik \u00e1llami, t\u00e1rsadalmi, civil, egyh\u00e1zi \u00e9s gazd\u00e1lkod\u00f3 szervezetekkel, amelyek seg\u00edtik az Egyes\u00fclet eredm\u00e9nyes m\u0171k\u00f6d\u00e9s\u00e9t \u00e9s c\u00e9ljainak megval\u00f3s\u00edt\u00e1s\u00e1t.<\/p>\n\n\n\n<p>Az Egyes\u00fclet tev\u00e9kenys\u00e9ge, feladatai:<\/p>\n\n\n\n<ul><li>a v\u00e9d\u0151n\u0151i szakmak\u00f6zi egy\u00fcttm\u0171k\u00f6d\u00e9sek hat\u00e9konys\u00e1g\u00e1nak fokoz\u00e1sa, meger\u0151s\u00edt\u00e9se,<\/li><li>a szakmai ut\u00e1np\u00f3tl\u00e1s \u00e9s a v\u00e9d\u0151n\u0151k tov\u00e1bbk\u00e9pz\u00e9s\u00e9nek seg\u00edt\u00e9se,<\/li><li>a v\u00e9d\u0151n\u0151s\u00e9g nemzetk\u00f6zileg is elismertt\u00e9 t\u00e9tele,<\/li><li>tudom\u00e1nyos tev\u00e9kenys\u00e9g \u00e9s kutat\u00e1sok v\u00e9gz\u00e9se,<\/li><li>szakmai kiadv\u00e1nyok el\u0151k\u00e9sz\u00edt\u00e9se, szerkeszt\u00e9se \u00e9s kiad\u00e1sa,<\/li><li>kapcsolatfelv\u00e9tel \u00e9s egy\u00fcttm\u0171k\u00f6d\u00e9s a hasonl\u00f3 c\u00e9lokat kit\u0171z\u0151 hazai \u00e9s nemzetk\u00f6zi szakmai szervezetekkel, szervekkel, int\u00e9zm\u00e9nyekkel,<\/li><li>tudom\u00e1nyos-szakmai f\u00f3rumok, konferenci\u00e1k szervez\u00e9se,<\/li><li>t\u00e1rsadalmi \u00e9s kultur\u00e1lis, valamint k\u00f6z\u00f6ss\u00e9g\u00e9p\u00edt\u0151 rendezv\u00e9nyek szervez\u00e9se.<\/li><\/ul>\n\n\n\n<p>Az MVSZSZ k\u00e9pvisel\u0151i: V\u00e1rfalvi Marianna eln\u00f6k, Szy Ildik\u00f3 aleln\u00f6k, Cs\u0151sz Katalin titk\u00e1r.<\/p>\n\n\n\n<p>Kapcsolat: <a href=\"&#x6d;&#97;&#x69;&#x6c;t&#x6f;&#58;m&#x76;&#115;z&#x73;&#122;&#x32;&#x30;1&#x39;&#64;g&#x6d;&#97;i&#x6c;&#46;&#x63;&#x6f;&#109;\">&#x6d;&#x76;&#x73;&#x7a;&#x73;&#x7a;&#x32;&#48;&#49;&#57;&#64;&#103;mail&#x2e;&#x63;&#x6f;&#x6d;<\/a>; Tel: +36\/20-2121-381<\/p>\n\n\n\n<p>Embl\u00e9ma: arany pajzs<\/p>\n\n\n\n<p><\/p>\n\n\n\n<p>Szeretettel h\u00edvunk, v\u00e1runk a Szakmai Sz\u00f6vets\u00e9gbe, amelynek v\u00e9d\u0151n\u0151k \u00e9s a t\u00e1rsszakm\u00e1k szakemberei \u00e9s szervezetei is tagjai lehetnek.<\/p>\n\n\n\n<div class=\"wp-block-buttons aligncenter\">\n<div class=\"wp-block-button\"><a class=\"wp-block-button__link has-text-color\" href=\"https:\/\/mvszsz.hu\/wp-content\/uploads\/2020\/04\/MVSZSZ_-TAGFELV\u00c9TELI-adatlap_2020.docx\" style=\"color:#ffffff\">Tagfelv\u00e9teli adatlap let\u00f6lt\u00e9se<\/a><\/div>\n<\/div>\n\n\n\n<p class=\"has-text-align-center\"><a href=\"https:\/\/mvszsz.hu\/wp-content\/uploads\/2020\/04\/Adatkezel\u00e9si-t\u00e1j\u00e9koztat\u00f3_2020.docx\">Adatkezel\u00e9si t\u00e1j\u00e9koztat\u00f3 let\u00f6lt\u00e9se <\/a><\/p>\n","protected":false},"excerpt":{"rendered":"<p>A Magyar V\u00e9d\u0151n\u0151k Szakmai Sz\u00f6vets\u00e9ge (MVSZSZ) 2019. augusztus 7-\u00e9n alakult. A Budapest K\u00f6rny\u00e9ki T\u00f6rv\u00e9nysz\u00e9k 13-02-0007693 nyilv\u00e1ntart\u00e1si sz\u00e1mon egyes\u00fcletk\u00e9nt jegyezte be.\u00a0\u00a0 K\u00fcldet\u00e9s\u00fcnk, hogy egy kiterjedt csal\u00e1dbar\u00e1t szeml\u00e9letben min\u00e9l t\u00f6bben egy\u00fcttm\u0171k\u00f6dj\u00fcnk, akik hivat\u00e1suk elengedhetetlen r\u00e9sz\u00e9nek, sz\u00edv\u00fcgy\u00fcknek tekintj\u00fck a lakos\u00e1g eg\u00e9szs\u00e9gi \u00e1llapot\u00e1t, a j\u00f6v\u0151 nemzed\u00e9kek test-lelki j\u00f3ll\u00e9t\u00e9t, \u00e9s k\u00fcl\u00f6n\u00f6sen a reprodukt\u00edv eg\u00e9szs\u00e9g v\u00e9delm\u00e9t. Sz\u00f6vets\u00e9g\u00fcnk tev\u00e9kenys\u00e9g\u00e9ben \u00f6sszehangoljuk minden \u00e9rintett &hellip;<\/p>\n<p class=\"read-more\"> <a class=\"\" href=\"https:\/\/regi.mvszsz.hu\/?page_id=97\"> <span class=\"screen-reader-text\">Bemutatkoz\u00e1s<\/span> Read More &raquo;<\/a><\/p>\n","protected":false},"author":1,"featured_media":416,"parent":0,"menu_order":0,"comment_status":"closed","ping_status":"closed","template":"","meta":[],"uagb_featured_image_src":{"full":["https:\/\/regi.mvszsz.hu\/wp-content\/uploads\/2020\/04\/mvszsz.jpg",1815,1210,false],"thumbnail":["https:\/\/regi.mvszsz.hu\/wp-content\/uploads\/2020\/04\/mvszsz-150x150.jpg",150,150,true],"medium":["https:\/\/regi.mvszsz.hu\/wp-content\/uploads\/2020\/04\/mvszsz-300x200.jpg",300,200,true],"medium_large":["https:\/\/regi.mvszsz.hu\/wp-content\/uploads\/2020\/04\/mvszsz-768x512.jpg",768,512,true],"large":["https:\/\/regi.mvszsz.hu\/wp-content\/uploads\/2020\/04\/mvszsz-1024x683.jpg",1024,683,true],"1536x1536":["https:\/\/regi.mvszsz.hu\/wp-content\/uploads\/2020\/04\/mvszsz-1536x1024.jpg",1536,1024,true],"2048x2048":["https:\/\/regi.mvszsz.hu\/wp-content\/uploads\/2020\/04\/mvszsz.jpg",1815,1210,false]},"uagb_author_info":{"display_name":"AnitaTheDev","author_link":"https:\/\/regi.mvszsz.hu\/?author=1"},"uagb_comment_info":0,"uagb_excerpt":"A Magyar V\u00e9d\u0151n\u0151k Szakmai Sz\u00f6vets\u00e9ge (MVSZSZ) 2019. augusztus 7-\u00e9n alakult. A Budapest K\u00f6rny\u00e9ki T\u00f6rv\u00e9nysz\u00e9k 13-02-0007693 nyilv\u00e1ntart\u00e1si sz\u00e1mon egyes\u00fcletk\u00e9nt jegyezte be.\u00a0\u00a0 K\u00fcldet\u00e9s\u00fcnk, hogy egy kiterjedt csal\u00e1dbar\u00e1t szeml\u00e9letben min\u00e9l t\u00f6bben egy\u00fcttm\u0171k\u00f6dj\u00fcnk, akik hivat\u00e1suk elengedhetetlen r\u00e9sz\u00e9nek, sz\u00edv\u00fcgy\u00fcknek tekintj\u00fck a lakos\u00e1g eg\u00e9szs\u00e9gi \u00e1llapot\u00e1t, a j\u00f6v\u0151 nemzed\u00e9kek test-lelki j\u00f3ll\u00e9t\u00e9t, \u00e9s k\u00fcl\u00f6n\u00f6sen a reprodukt\u00edv eg\u00e9szs\u00e9g v\u00e9delm\u00e9t. Sz\u00f6vets\u00e9g\u00fcnk tev\u00e9kenys\u00e9g\u00e9ben \u00f6sszehangoljuk minden \u00e9rintett&hellip;","yoast_head":"<!-- This site is optimized with the Yoast SEO plugin v15.9.2 - https:\/\/yoast.com\/wordpress\/plugins\/seo\/ -->\n<title>Bemutatkoz\u00e1s - MVSZSZ<\/title>\n<meta name=\"description\" content=\"C\u00e9lunk, hogy egy kiterjedt csal\u00e1dbar\u00e1t szeml\u00e9letben min\u00e9l t\u00f6bben egy\u00fcttm\u0171k\u00f6dj\u00fcnk, akik hivat\u00e1suk elengedhetetlen r\u00e9sz\u00e9nek, sz\u00edv\u00fcgy\u00fcknek tekintj\u00fck a lakoss\u00e1g eg\u00e9szs\u00e9gi \u00e1llapot\u00e1t, a j\u00f6v\u0151 nemzed\u00e9kek test-lelki j\u00f3ll\u00e9t\u00e9t, \u00e9s k\u00fcl\u00f6n\u00f6sen a reprodukt\u00edv eg\u00e9szs\u00e9g v\u00e9delm\u00e9t.\" \/>\n<meta name=\"robots\" content=\"index, follow, max-snippet:-1, max-image-preview:large, max-video-preview:-1\" \/>\n<link rel=\"canonical\" href=\"https:\/\/regi.mvszsz.hu\/?page_id=97\" \/>\n<meta property=\"og:locale\" content=\"hu_HU\" \/>\n<meta property=\"og:type\" content=\"article\" \/>\n<meta property=\"og:title\" content=\"Bemutatkoz\u00e1s - MVSZSZ\" \/>\n<meta property=\"og:description\" content=\"C\u00e9lunk, hogy egy kiterjedt csal\u00e1dbar\u00e1t szeml\u00e9letben min\u00e9l t\u00f6bben egy\u00fcttm\u0171k\u00f6dj\u00fcnk, akik hivat\u00e1suk elengedhetetlen r\u00e9sz\u00e9nek, sz\u00edv\u00fcgy\u00fcknek tekintj\u00fck a lakoss\u00e1g eg\u00e9szs\u00e9gi \u00e1llapot\u00e1t, a j\u00f6v\u0151 nemzed\u00e9kek test-lelki j\u00f3ll\u00e9t\u00e9t, \u00e9s k\u00fcl\u00f6n\u00f6sen a reprodukt\u00edv eg\u00e9szs\u00e9g v\u00e9delm\u00e9t.\" \/>\n<meta property=\"og:url\" content=\"https:\/\/regi.mvszsz.hu\/?page_id=97\" \/>\n<meta property=\"og:site_name\" content=\"MVSZSZ\" \/>\n<meta property=\"article:modified_time\" content=\"2020-07-30T10:04:47+00:00\" \/>\n<meta property=\"og:image\" content=\"https:\/\/regi.mvszsz.hu\/wp-content\/uploads\/2020\/04\/mvszsz.jpg\" \/>\n\t<meta property=\"og:image:width\" content=\"1815\" \/>\n\t<meta property=\"og:image:height\" content=\"1210\" \/>\n<meta name=\"twitter:card\" content=\"summary_large_image\" \/>\n<meta name=\"twitter:label1\" content=\"Becs\u00fclt olvas\u00e1si id\u0151\">\n\t<meta name=\"twitter:data1\" content=\"3 perc\">\n<script type=\"application\/ld+json\" class=\"yoast-schema-graph\">{\"@context\":\"https:\/\/schema.org\",\"@graph\":[{\"@type\":\"WebSite\",\"@id\":\"https:\/\/regi.mvszsz.hu\/#website\",\"url\":\"https:\/\/regi.mvszsz.hu\/\",\"name\":\"MVSZSZ\",\"description\":\"\",\"potentialAction\":[{\"@type\":\"SearchAction\",\"target\":\"https:\/\/regi.mvszsz.hu\/?s={search_term_string}\",\"query-input\":\"required name=search_term_string\"}],\"inLanguage\":\"hu\"},{\"@type\":\"ImageObject\",\"@id\":\"https:\/\/regi.mvszsz.hu\/?page_id=97#primaryimage\",\"inLanguage\":\"hu\",\"url\":\"https:\/\/regi.mvszsz.hu\/wp-content\/uploads\/2020\/04\/mvszsz.jpg\",\"width\":1815,\"height\":1210},{\"@type\":\"WebPage\",\"@id\":\"https:\/\/regi.mvszsz.hu\/?page_id=97#webpage\",\"url\":\"https:\/\/regi.mvszsz.hu\/?page_id=97\",\"name\":\"Bemutatkoz\\u00e1s - MVSZSZ\",\"isPartOf\":{\"@id\":\"https:\/\/regi.mvszsz.hu\/#website\"},\"primaryImageOfPage\":{\"@id\":\"https:\/\/regi.mvszsz.hu\/?page_id=97#primaryimage\"},\"datePublished\":\"2020-04-12T10:58:17+00:00\",\"dateModified\":\"2020-07-30T10:04:47+00:00\",\"description\":\"C\\u00e9lunk, hogy egy kiterjedt csal\\u00e1dbar\\u00e1t szeml\\u00e9letben min\\u00e9l t\\u00f6bben egy\\u00fcttm\\u0171k\\u00f6dj\\u00fcnk, akik hivat\\u00e1suk elengedhetetlen r\\u00e9sz\\u00e9nek, sz\\u00edv\\u00fcgy\\u00fcknek tekintj\\u00fck a lakoss\\u00e1g eg\\u00e9szs\\u00e9gi \\u00e1llapot\\u00e1t, a j\\u00f6v\\u0151 nemzed\\u00e9kek test-lelki j\\u00f3ll\\u00e9t\\u00e9t, \\u00e9s k\\u00fcl\\u00f6n\\u00f6sen a reprodukt\\u00edv eg\\u00e9szs\\u00e9g v\\u00e9delm\\u00e9t.\",\"breadcrumb\":{\"@id\":\"https:\/\/regi.mvszsz.hu\/?page_id=97#breadcrumb\"},\"inLanguage\":\"hu\",\"potentialAction\":[{\"@type\":\"ReadAction\",\"target\":[\"https:\/\/regi.mvszsz.hu\/?page_id=97\"]}]},{\"@type\":\"BreadcrumbList\",\"@id\":\"https:\/\/regi.mvszsz.hu\/?page_id=97#breadcrumb\",\"itemListElement\":[{\"@type\":\"ListItem\",\"position\":1,\"item\":{\"@type\":\"WebPage\",\"@id\":\"https:\/\/regi.mvszsz.hu\/\",\"url\":\"https:\/\/regi.mvszsz.hu\/\",\"name\":\"Home\"}},{\"@type\":\"ListItem\",\"position\":2,\"item\":{\"@type\":\"WebPage\",\"@id\":\"https:\/\/regi.mvszsz.hu\/?page_id=97\",\"url\":\"https:\/\/regi.mvszsz.hu\/?page_id=97\",\"name\":\"Bemutatkoz\\u00e1s\"}}]}]}<\/script>\n<!-- \/ Yoast SEO plugin. -->","_links":{"self":[{"href":"https:\/\/regi.mvszsz.hu\/index.php?rest_route=\/wp\/v2\/pages\/97"}],"collection":[{"href":"https:\/\/regi.mvszsz.hu\/index.php?rest_route=\/wp\/v2\/pages"}],"about":[{"href":"https:\/\/regi.mvszsz.hu\/index.php?rest_route=\/wp\/v2\/types\/page"}],"author":[{"embeddable":true,"href":"https:\/\/regi.mvszsz.hu\/index.php?rest_route=\/wp\/v2\/users\/1"}],"replies":[{"embeddable":true,"href":"https:\/\/regi.mvszsz.hu\/index.php?rest_route=%2Fwp%2Fv2%2Fcomments&post=97"}],"version-history":[{"count":2,"href":"https:\/\/regi.mvszsz.hu\/index.php?rest_route=\/wp\/v2\/pages\/97\/revisions"}],"predecessor-version":[{"id":1622,"href":"https:\/\/regi.mvszsz.hu\/index.php?rest_route=\/wp\/v2\/pages\/97\/revisions\/1622"}],"wp:featuredmedia":[{"embeddable":true,"href":"https:\/\/regi.mvszsz.hu\/index.php?rest_route=\/wp\/v2\/media\/416"}],"wp:attachment":[{"href":"https:\/\/regi.mvszsz.hu\/index.php?rest_route=%2Fwp%2Fv2%2Fmedia&parent=97"}],"curies":[{"name":"wp","href":"https:\/\/api.w.org\/{rel}","templated":true}]}}