{"id":1485,"date":"2020-07-28T15:32:38","date_gmt":"2020-07-28T13:32:38","guid":{"rendered":"https:\/\/mvszsz.hu\/?page_id=1485"},"modified":"2020-09-07T18:56:06","modified_gmt":"2020-09-07T16:56:06","slug":"szoptatasi-anyatej-vilagnap-es-vilaghet","status":"publish","type":"page","link":"https:\/\/regi.mvszsz.hu\/?page_id=1485","title":{"rendered":"Szoptat\u00e1si-anyatej vil\u00e1gnap \u00e9s vil\u00e1gh\u00e9t"},"content":{"rendered":"\n<section class=\"wp-block-uagb-columns uagb-columns__wrap uagb-columns__background-color uagb-columns__stack-mobile uagb-columns__valign-center uagb-columns__gap-10 alignundefined uagb-block-6e042df0\"><div class=\"uagb-columns__overlay\"><\/div><div class=\"uagb-columns__inner-wrap uagb-columns__columns-2\">\n<div class=\"wp-block-uagb-column uagb-column__wrap uagb-column__background-none uagb-block-fadc376b\"><div class=\"uagb-column__overlay\"><\/div><div class=\"uagb-column__inner-wrap\">\n<div class=\"wp-block-image\"><figure class=\"aligncenter size-large\"><img loading=\"lazy\" width=\"500\" height=\"500\" src=\"https:\/\/mvszsz.hu\/wp-content\/uploads\/2020\/07\/2020-WABA-logo-magyar_waba-logo-removebg-preview.png\" alt=\"\" class=\"wp-image-1680\" srcset=\"https:\/\/regi.mvszsz.hu\/wp-content\/uploads\/2020\/07\/2020-WABA-logo-magyar_waba-logo-removebg-preview.png 500w, https:\/\/regi.mvszsz.hu\/wp-content\/uploads\/2020\/07\/2020-WABA-logo-magyar_waba-logo-removebg-preview-300x300.png 300w, https:\/\/regi.mvszsz.hu\/wp-content\/uploads\/2020\/07\/2020-WABA-logo-magyar_waba-logo-removebg-preview-150x150.png 150w\" sizes=\"(max-width: 500px) 100vw, 500px\" \/><\/figure><\/div>\n\n\n\n<p><\/p>\n<\/div><\/div>\n\n\n\n<div class=\"wp-block-uagb-column uagb-column__wrap uagb-column__background-none uagb-block-bc9659c5\"><div class=\"uagb-column__overlay\"><\/div><div class=\"uagb-column__inner-wrap\">\n<div class=\"wp-block-uagb-advanced-heading uagb-block-aa5b2a68\"><h1 class=\"uagb-heading-text\">Szoptat\u00e1ssal egy eg\u00e9szs\u00e9gesebb vil\u00e1g\u00e9rt!<\/h1><div class=\"uagb-separator-wrap\"><div class=\"uagb-separator\"><\/div><\/div><p class=\"uagb-desc-text\">Online szakmai program a szoptat\u00e1s \u00e9s anyatej vil\u00e1gnapj\u00e1n<\/p><\/div>\n\n\n\n<p><\/p>\n<\/div><\/div>\n<\/div><\/section>\n\n\n\n<div style=\"height:60px\" aria-hidden=\"true\" class=\"wp-block-spacer\"><\/div>\n\n\n\n<section class=\"wp-block-uagb-section uagb-section__wrap uagb-section__background-undefined uagb-block-690b1e37\"><div class=\"uagb-section__overlay\"><\/div><div class=\"uagb-section__inner-wrap\">\n<div class=\"wp-block-uagb-advanced-heading uagb-block-6d832e25\"><h3 class=\"uagb-heading-text\">Dr. R\u00e9tv\u00e1ri Bence EMMI parlamenti \u00e1llamtitk\u00e1r \u00fcdv\u00f6zlete a szoptat\u00e1si-anyatej vil\u00e1gnap \u00e9s vil\u00e1gh\u00e9t alkalm\u00e1b\u00f3l<\/h3><p class=\"uagb-desc-text\"><\/p><\/div>\n\n\n\n<figure class=\"wp-block-video aligncenter\"><video controls poster=\"https:\/\/mvszsz.hu\/wp-content\/uploads\/2020\/07\/retvari.jpg\" src=\"https:\/\/mvszsz.hu\/wp-content\/uploads\/2020\/07\/R\u00e9tv\u00e1riBence-convert-video-online.com_.mp4\"><\/video><\/figure>\n\n\n\n<p><\/p>\n<\/div><\/section>\n\n\n\n<div style=\"height:60px\" aria-hidden=\"true\" class=\"wp-block-spacer\"><\/div>\n\n\n\n<div class=\"wp-block-uagb-advanced-heading uagb-block-a3d3b895\"><h2 class=\"uagb-heading-text\">K\u00f6sz\u00f6nt\u0151<\/h2><p class=\"uagb-desc-text\"><strong>Kedves L\u00e1togat\u00f3k, kedves MVSZSZ&nbsp;Tagok!<br><\/strong><\/p><\/div>\n\n\n\n<section class=\"wp-block-uagb-section uagb-section__wrap uagb-section__background-undefined uagb-block-62a5791e\"><div class=\"uagb-section__overlay\"><\/div><div class=\"uagb-section__inner-wrap\">\n<p>K\u00f6sz\u00f6ntelek benneteket \u00e9s a veletek kapcsolatban \u00e1ll\u00f3 gyermeket v\u00e1r\u00f3-, szoptat\u00f3 \u00e9desany\u00e1kat, csal\u00e1djaikat, k\u00f6rnyezet\u00fcket, \u00e9s az anyatejes t\u00e1pl\u00e1l\u00e1sban b\u00e1rmilyen m\u00f3don \u00e9rintetteket a 2020. \u00e9vi Szoptat\u00e1s \u00e9s Anyatej Vil\u00e1gnap \u00e9s Vil\u00e1gh\u00e9t alkalm\u00e1b\u00f3l!<br>A WABA (Nemzetk\u00f6zi&nbsp;Szoptat\u00e1si&nbsp;Szervezet) ez \u00e9vi jelmondata: <strong>&#8220;Szoptat\u00e1ssal egy eg\u00e9szs\u00e9gesebb vil\u00e1g\u00e9rt!&#8221;<br><\/strong>Sok minden \u00f6sszef\u00fcgg a szoptat\u00e1ssal, az anyatejes t\u00e1pl\u00e1l\u00e1ssal, sokkal t\u00f6bb dolog, mint azt gondoln\u00e1nk, vagy tudtuk eddig. Id\u00e9n ez a mondat \u00fczenet a F\u00f6ld bolyg\u00f3 lakoss\u00e1g\u00e1nak, hogy az ebben rejl\u0151 lehet\u0151s\u00e9gek min\u00e9l eredm\u00e9nyesebb kibontakoztat\u00e1s\u00e1val, ennek a folyamatnak a t\u00e1mogat\u00e1s\u00e1val nemcsak a most sz\u00fcletett, \u00e9s vagy csepered\u0151 gyermekek\u00e9rt tesz\u00fcnk sokat, de a j\u00f6v\u0151 nemzed\u00e9kek, a Vil\u00e1g&nbsp; eg\u00e9szs\u00e9ge szempontj\u00e1b\u00f3l is befektet\u00e9sk\u00e9nt \u00e9s komoly hozad\u00e9kk\u00e9nt jelentkezhet.&nbsp;<br>Ezekr\u0151l az \u00f6sszef\u00fcgg\u00e9sekr\u0151l kaphatunk m\u00e9g t\u00f6bb r\u00e9szletes inform\u00e1ci\u00f3t az MVSZSZ&nbsp;\u00e9s az Eg\u00e9szs\u00e9g\u00fcgyi Szakmai Koll\u00e9gium V\u00e9d\u0151n\u0151 Tagozat egy\u00fcttm\u0171k\u00f6d\u0151 partnerei r\u00e9szv\u00e9tel\u00e9vel az mvszsz.hu oldalon.&nbsp;<a href=\"https:\/\/mvszsz.hu\/koszonto-a-szoptatas-es-anyatej-vilagnapjan\/\">Tov\u00e1bb&#8230;<\/a><\/p>\n\n\n\n<p><\/p>\n<\/div><\/section>\n\n\n\n<div style=\"height:80px\" aria-hidden=\"true\" class=\"wp-block-spacer\"><\/div>\n\n\n\n<div class=\"wp-block-uagb-advanced-heading uagb-block-e1983c54\"><h2 class=\"uagb-heading-text\">Szakmai program<\/h2><p class=\"uagb-desc-text\"><\/p><\/div>\n\n\n\n<div style=\"height:20px\" aria-hidden=\"true\" class=\"wp-block-spacer\"><\/div>\n\n\n\n<div style=\"height:20px\" aria-hidden=\"true\" class=\"wp-block-spacer\"><\/div>\n\n\n\n<section class=\"wp-block-uagb-columns uagb-columns__wrap uagb-columns__background-color uagb-columns__stack-mobile uagb-columns__valign-undefined uagb-columns__gap-15 alignfull uagb-block-d3047fdd\"><div class=\"uagb-columns__overlay\"><\/div><div class=\"uagb-columns__inner-wrap uagb-columns__columns-3\">\n<div class=\"wp-block-uagb-column uagb-column__wrap uagb-column__background-color uagb-block-ae510520\"><div class=\"uagb-column__overlay\"><\/div><div class=\"uagb-column__inner-wrap\">\n<div class=\"wp-block-uagb-info-box uagb-infobox__outer-wrap uagb-block-c48c68c7\"><div class=\"uagb-infobox__content-wrap uagb-infobox uagb-infobox-has-image uagb-infobox-icon-above-title uagb-infobox-image-valign-top uagb-infobox-enable-border-radius \"><div class=\"uagb-ifb-left-right-wrap\"><div class=\"uagb-ifb-content\"><div class=\"uagb-ifb-image-icon-content uagb-ifb-imgicon-wrap\"><div class=\"uagb-ifb-image\"><div class=\"uagb-ifb-image-content\"><img class=\"\" src=\"https:\/\/mvszsz.hu\/wp-content\/uploads\/2020\/08\/szme_uj_logo-removebg-preview-150x150.png\" alt=\"\"\/><\/div><\/div><\/div><div class=\"uagb-ifb-title-wrap\"><h3 class=\"uagb-ifb-title\">Szoptat\u00e1s\u00e9rt Magyar Egyes\u00fclet<\/h3><\/div><div class=\"uagb-ifb-separator-parent\"><div class=\"uagb-ifb-separator\"><\/div><\/div><div class=\"uagb-ifb-text-wrap\"><p class=\"uagb-ifb-desc\"><a href=\"https:\/\/drive.google.com\/file\/d\/1sPGwZsoCMAxTBCLMsDI0_sjVKRTc3O9B\/view?usp=sharing\">  <\/a><br><a href=\"https:\/\/mvszsz.hu\/wp-content\/uploads\/2020\/07\/action-folder-2020_A4-1-HUN-v8-diagramm-nelkul-2.pdf\"><strong>Szoptat\u00e1ssal egy eg\u00e9szs\u00e9gesebb vil\u00e1g\u00e9rt!<\/strong><\/a><\/p><\/div><\/div><\/div><\/div><\/div>\n\n\n\n<p><\/p>\n<\/div><\/div>\n\n\n\n<div class=\"wp-block-uagb-column uagb-column__wrap uagb-column__background-color uagb-block-1801dfb4\"><div class=\"uagb-column__overlay\"><\/div><div class=\"uagb-column__inner-wrap\">\n<div class=\"wp-block-uagb-info-box uagb-infobox__outer-wrap uagb-block-7e34eb49\"><div class=\"uagb-infobox__content-wrap uagb-infobox uagb-infobox-has-image uagb-infobox-icon-above-title uagb-infobox-image-valign-top uagb-infobox-enable-border-radius \"><div class=\"uagb-ifb-left-right-wrap\"><div class=\"uagb-ifb-content\"><div class=\"uagb-ifb-image-icon-content uagb-ifb-imgicon-wrap\"><div class=\"uagb-ifb-image\"><div class=\"uagb-ifb-image-content\"><img class=\"\" src=\"https:\/\/mvszsz.hu\/wp-content\/uploads\/2020\/08\/mvszsz_logo-removebg-preview.png\" alt=\"\"\/><\/div><\/div><\/div><div class=\"uagb-ifb-title-wrap\"><h3 class=\"uagb-ifb-title\">Magyar V\u00e9d\u0151n\u0151k Szakmai Sz\u00f6vets\u00e9ge<\/h3><\/div><div class=\"uagb-ifb-separator-parent\"><div class=\"uagb-ifb-separator\"><\/div><\/div><div class=\"uagb-ifb-text-wrap\"><p class=\"uagb-ifb-desc\"><br><a href=\"https:\/\/mvszsz.hu\/wp-content\/uploads\/2020\/07\/k\u00f6zlem\u00e9ny-1.docx\"><strong>Sajt\u00f3k\u00f6zlem\u00e9ny&nbsp; <\/strong><\/a><br><br><strong><a href=\"https:\/\/mvszsz.hu\/wp-content\/uploads\/2020\/08\/Doh\u00e1nyz\u00e1s-\u00e9s-k\u00f6rnyezetk\u00e1ros\u00edt\u00e1s-_v\u00e1rand\u00f3ss\u00e1g-_szoptat\u00e1s.docx\">Doh\u00e1nyz\u00e1s \u00e9s k\u00f6rnyezetk\u00e1ros\u00edt\u00e1s &#8211; v\u00e1rand\u00f3ss\u00e1g-szoptat\u00e1s<\/a><\/strong><\/p><\/div><\/div><\/div><\/div><\/div>\n<\/div><\/div>\n\n\n\n<div class=\"wp-block-uagb-column uagb-column__wrap uagb-column__background-color uagb-block-29e243eb\"><div class=\"uagb-column__overlay\"><\/div><div class=\"uagb-column__inner-wrap\">\n<div style=\"height:20px\" aria-hidden=\"true\" class=\"wp-block-spacer\"><\/div>\n\n\n\n<div class=\"wp-block-uagb-info-box uagb-infobox__outer-wrap uagb-block-30c29735\"><div class=\"uagb-infobox__content-wrap uagb-infobox uagb-infobox-has-image uagb-infobox-icon-above-title uagb-infobox-image-valign-top uagb-infobox-enable-border-radius \"><div class=\"uagb-ifb-left-right-wrap\"><div class=\"uagb-ifb-content\"><div class=\"uagb-ifb-image-icon-content uagb-ifb-imgicon-wrap\"><div class=\"uagb-ifb-image\"><div class=\"uagb-ifb-image-content\"><img class=\"\" src=\"https:\/\/mvszsz.hu\/wp-content\/uploads\/2020\/07\/ficsak_logo-300x137.png\" alt=\"\"\/><\/div><\/div><\/div><div class=\"uagb-ifb-title-wrap\"><h3 class=\"uagb-ifb-title\">  Fiatal Csal\u00e1dosok Klubj\u00e1nak Egyes\u00fclete<\/h3><\/div><div class=\"uagb-ifb-separator-parent\"><div class=\"uagb-ifb-separator\"><\/div><\/div><div class=\"uagb-ifb-text-wrap\"><p class=\"uagb-ifb-desc\"><br><a href=\"https:\/\/mvszsz.hu\/wp-content\/uploads\/2020\/07\/Nem-csak-a-baba\u00b4t-a-ko\u00a8rnyezetet-is-ve\u00b4di-az-anyatejes-ta\u00b4pla\u00b4la\u00b4s-2-1.docx\"><strong>Nem csak a bab\u00e1t, a k\u00f6rnyezetet is v\u00e9di az anyatejes t\u00e1pl\u00e1l\u00e1s<\/strong><\/a><\/p><\/div><\/div><\/div><\/div><\/div>\n\n\n\n<p><\/p>\n<\/div><\/div>\n<\/div><\/section>\n\n\n\n<section class=\"wp-block-uagb-columns uagb-columns__wrap uagb-columns__background-color uagb-columns__stack-mobile uagb-columns__valign-undefined uagb-columns__gap-15 alignfull uagb-block-86468d8e\"><div class=\"uagb-columns__overlay\"><\/div><div class=\"uagb-columns__inner-wrap uagb-columns__columns-3\">\n<div class=\"wp-block-uagb-column uagb-column__wrap uagb-column__background-color uagb-block-aa2ca81b\"><div class=\"uagb-column__overlay\"><\/div><div class=\"uagb-column__inner-wrap\">\n<div class=\"wp-block-uagb-info-box uagb-infobox__outer-wrap uagb-block-881c61e4\"><div class=\"uagb-infobox__content-wrap uagb-infobox uagb-infobox-has-image uagb-infobox-icon-above-title uagb-infobox-image-valign-top uagb-infobox-enable-border-radius \"><div class=\"uagb-ifb-left-right-wrap\"><div class=\"uagb-ifb-content\"><div class=\"uagb-ifb-image-icon-content uagb-ifb-imgicon-wrap\"><div class=\"uagb-ifb-image\"><div class=\"uagb-ifb-image-content\"><img class=\"\" src=\"https:\/\/mvszsz.hu\/wp-content\/uploads\/2020\/08\/melletted_a_helyem-removebg-preview.png\" alt=\"\"\/><\/div><\/div><\/div><div class=\"uagb-ifb-title-wrap\"><h3 class=\"uagb-ifb-title\">Melletted a helyem<\/h3><\/div><div class=\"uagb-ifb-separator-parent\"><div class=\"uagb-ifb-separator\"><\/div><\/div><div class=\"uagb-ifb-text-wrap\"><p class=\"uagb-ifb-desc\"><br><strong><a href=\"https:\/\/mvszsz.hu\/a-mellettem-a-helyed-egyesulet-ajanlott-tartalmai\/\">Aj\u00e1nlott anyagok<\/a><br><\/strong>(vide\u00f3k, let\u00f6lthet\u0151 anyagok, cikkek)<\/p><\/div><\/div><\/div><\/div><\/div>\n\n\n\n<figure class=\"wp-block-image size-large\"><a href=\"https:\/\/mvszsz.hu\/a-mellettem-a-helyed-egyesulet-ajanlott-tartalmai\/\"><img loading=\"lazy\" width=\"505\" height=\"424\" src=\"https:\/\/mvszsz.hu\/wp-content\/uploads\/2020\/08\/szop.jpg\" alt=\"\" class=\"wp-image-1736\" srcset=\"https:\/\/regi.mvszsz.hu\/wp-content\/uploads\/2020\/08\/szop.jpg 505w, https:\/\/regi.mvszsz.hu\/wp-content\/uploads\/2020\/08\/szop-300x252.jpg 300w\" sizes=\"(max-width: 505px) 100vw, 505px\" \/><\/a><\/figure>\n<\/div><\/div>\n\n\n\n<div class=\"wp-block-uagb-column uagb-column__wrap uagb-column__background-color uagb-block-7562b91b\"><div class=\"uagb-column__overlay\"><\/div><div class=\"uagb-column__inner-wrap\">\n<div class=\"wp-block-uagb-info-box uagb-infobox__outer-wrap uagb-block-1296b9fb\"><div class=\"uagb-infobox__content-wrap uagb-infobox uagb-infobox-has-image uagb-infobox-icon-above-title uagb-infobox-image-valign-top uagb-infobox-enable-border-radius \"><div class=\"uagb-ifb-left-right-wrap\"><div class=\"uagb-ifb-content\"><div class=\"uagb-ifb-image-icon-content uagb-ifb-imgicon-wrap\"><div class=\"uagb-ifb-image\"><div class=\"uagb-ifb-image-content\"><img class=\"\" src=\"https:\/\/mvszsz.hu\/wp-content\/uploads\/2020\/08\/nk-logo.png\" alt=\"\"\/><\/div><\/div><\/div><div class=\"uagb-ifb-title-wrap\"><h3 class=\"uagb-ifb-title\">N\u00e9pesed\u00e9si kerekasztal<\/h3><\/div><div class=\"uagb-ifb-separator-parent\"><div class=\"uagb-ifb-separator\"><\/div><\/div><div class=\"uagb-ifb-text-wrap\"><p class=\"uagb-ifb-desc\"><a href=\"https:\/\/drive.google.com\/file\/d\/1sPGwZsoCMAxTBCLMsDI0_sjVKRTc3O9B\/view?usp=sharing\">  <\/a><br><strong><a href=\"https:\/\/mvszsz.hu\/wp-content\/uploads\/2020\/08\/NK_allasfoglalas_elelmi_vegyszerek_es_toxinok_190328_scan.pdf\">\u00c9lelmi vegyszerek \u00e9s toxinok hat\u00e1sa a tervezett gyermekek&#8230;<\/a><br><a href=\"https:\/\/mvszsz.hu\/wp-content\/uploads\/2020\/08\/Dob\u00f3-M-demogr\u00e1fia_190212.docx\">Dob\u00f3 M demogr\u00e1fia<br><\/a><a href=\"https:\/\/mvszsz.hu\/wp-content\/uploads\/2020\/08\/Bard\u00f3cz-Zs-demogr\u00e1fia_180522.docx\">Bard\u00f3cz Zs demogr\u00e1fia<br><\/a><a href=\"https:\/\/mvszsz.hu\/wp-content\/uploads\/2020\/08\/M\u00e1rai-G-demogr\u00e1fia2_180522.docx\">M\u00e1rai G demogr\u00e1fia 2<\/a><\/strong><\/p><\/div><\/div><\/div><\/div><\/div>\n<\/div><\/div>\n\n\n\n<div class=\"wp-block-uagb-column uagb-column__wrap uagb-column__background-color uagb-block-7cacf094\"><div class=\"uagb-column__overlay\"><\/div><div class=\"uagb-column__inner-wrap\">\n<div class=\"wp-block-uagb-info-box uagb-infobox__outer-wrap uagb-block-70cd1ef9\"><div class=\"uagb-infobox__content-wrap uagb-infobox uagb-infobox-has-image uagb-infobox-icon-above-title uagb-infobox-image-valign-top uagb-infobox-enable-border-radius \"><div class=\"uagb-ifb-left-right-wrap\"><div class=\"uagb-ifb-content\"><div class=\"uagb-ifb-image-icon-content uagb-ifb-imgicon-wrap\"><div class=\"uagb-ifb-image\"><div class=\"uagb-ifb-image-content\"><img class=\"\" src=\"https:\/\/mvszsz.hu\/wp-content\/uploads\/2020\/07\/mapszig-logo-2.png\" alt=\"\"\/><\/div><\/div><\/div><div class=\"uagb-ifb-title-wrap\"><h3 class=\"uagb-ifb-title\">  Magyar Pszichoszomatikus Sz\u00fcl\u00e9szeti T\u00e1rsas\u00e1g<\/h3><\/div><div class=\"uagb-ifb-separator-parent\"><div class=\"uagb-ifb-separator\"><\/div><\/div><div class=\"uagb-ifb-text-wrap\"><p class=\"uagb-ifb-desc\"><a href=\"https:\/\/drive.google.com\/file\/d\/1sPGwZsoCMAxTBCLMsDI0_sjVKRTc3O9B\/view?usp=sharing\">  <\/a><br><a href=\"https:\/\/drive.google.com\/file\/d\/1sPGwZsoCMAxTBCLMsDI0_sjVKRTc3O9B\/view?usp=sharing\"><strong>Az anyatejes t\u00e1pl\u00e1l\u00e1s jelent\u0151s\u00e9ge <\/strong><\/a><\/p><\/div><\/div><\/div><\/div><\/div>\n<\/div><\/div>\n<\/div><\/section>\n\n\n\n<section class=\"wp-block-uagb-columns uagb-columns__wrap uagb-columns__background-color uagb-columns__stack-mobile uagb-columns__valign-undefined uagb-columns__gap-15 alignfull uagb-block-ffe810a8\"><div class=\"uagb-columns__overlay\"><\/div><div class=\"uagb-columns__inner-wrap uagb-columns__columns-3\">\n<div class=\"wp-block-uagb-column uagb-column__wrap uagb-column__background-color uagb-block-9cf2ff85\"><div class=\"uagb-column__overlay\"><\/div><div class=\"uagb-column__inner-wrap\">\n<p><\/p>\n<\/div><\/div>\n\n\n\n<div class=\"wp-block-uagb-column uagb-column__wrap uagb-column__background-color uagb-block-17f45738\"><div class=\"uagb-column__overlay\"><\/div><div class=\"uagb-column__inner-wrap\">\n<div class=\"wp-block-uagb-info-box uagb-infobox__outer-wrap uagb-block-1aa126d9\"><div class=\"uagb-infobox__content-wrap uagb-infobox uagb-infobox-has-image uagb-infobox-icon-above-title uagb-infobox-image-valign-top uagb-infobox-enable-border-radius \"><div class=\"uagb-ifb-left-right-wrap\"><div class=\"uagb-ifb-content\"><div class=\"uagb-ifb-image-icon-content uagb-ifb-imgicon-wrap\"><div class=\"uagb-ifb-image\"><div class=\"uagb-ifb-image-content\"><img class=\"\" src=\"https:\/\/mvszsz.hu\/wp-content\/uploads\/2020\/07\/mgyt_logo-150x150.jpg\" alt=\"\"\/><\/div><\/div><\/div><div class=\"uagb-ifb-title-wrap\"><h3 class=\"uagb-ifb-title\">Magyar Gyermekorvosok T\u00e1rsas\u00e1ga<\/h3><\/div><div class=\"uagb-ifb-separator-parent\"><div class=\"uagb-ifb-separator\"><\/div><\/div><div class=\"uagb-ifb-text-wrap\"><p class=\"uagb-ifb-desc\"><br><strong><a href=\"https:\/\/magyarnemzet.hu\/belfold\/okosabb-lesz-az-a-gyermek-akit-anyatejjel-taplalnak-8464749\/\">Okosabb lesz az a gyermek, akit anyatejjel t\u00e1pl\u00e1lnak<\/a><br><br><a href=\"https:\/\/hirado.hu\/videok\/augusztus-1-7-kozott-lesz-a-szoptatas-vilaghete\">A Ma reggel vend\u00e9ge: G\u00e1rdos L\u00e1szl\u00f3, a Magyar Gyermekorvosok T\u00e1rsas\u00e1g\u00e1nak eln\u00f6ke<\/a><\/strong><\/p><\/div><\/div><\/div><\/div><\/div>\n<\/div><\/div>\n\n\n\n<div class=\"wp-block-uagb-column uagb-column__wrap uagb-column__background-color uagb-block-101c5701\"><div class=\"uagb-column__overlay\"><\/div><div class=\"uagb-column__inner-wrap\"><\/div><\/div>\n<\/div><\/section>\n\n\n\n<div style=\"height:60px\" aria-hidden=\"true\" class=\"wp-block-spacer\"><\/div>\n\n\n\n<div style=\"height:30px\" aria-hidden=\"true\" class=\"wp-block-spacer\"><\/div>\n\n\n\n<p><\/p>\n","protected":false},"excerpt":{"rendered":"","protected":false},"author":1,"featured_media":0,"parent":0,"menu_order":0,"comment_status":"closed","ping_status":"closed","template":"","meta":[],"uagb_featured_image_src":{"full":false,"thumbnail":false,"medium":false,"medium_large":false,"large":false,"1536x1536":false,"2048x2048":false},"uagb_author_info":{"display_name":"AnitaTheDev","author_link":"https:\/\/regi.mvszsz.hu\/?author=1"},"uagb_comment_info":0,"uagb_excerpt":null,"yoast_head":"<!-- This site is optimized with the Yoast SEO plugin v15.9.2 - https:\/\/yoast.com\/wordpress\/plugins\/seo\/ -->\n<title>Szoptat\u00e1si-anyatej vil\u00e1gnap \u00e9s vil\u00e1gh\u00e9t - MVSZSZ<\/title>\n<meta name=\"robots\" content=\"index, follow, max-snippet:-1, max-image-preview:large, max-video-preview:-1\" \/>\n<link rel=\"canonical\" href=\"https:\/\/regi.mvszsz.hu\/?page_id=1485\" \/>\n<meta property=\"og:locale\" content=\"hu_HU\" \/>\n<meta property=\"og:type\" content=\"article\" \/>\n<meta property=\"og:title\" content=\"Szoptat\u00e1si-anyatej vil\u00e1gnap \u00e9s vil\u00e1gh\u00e9t - MVSZSZ\" \/>\n<meta property=\"og:url\" content=\"https:\/\/regi.mvszsz.hu\/?page_id=1485\" \/>\n<meta property=\"og:site_name\" content=\"MVSZSZ\" \/>\n<meta property=\"article:modified_time\" content=\"2020-09-07T16:56:06+00:00\" \/>\n<meta property=\"og:image\" content=\"https:\/\/mvszsz.hu\/wp-content\/uploads\/2020\/07\/2020-WABA-logo-magyar_waba-logo-removebg-preview.png\" \/>\n<meta name=\"twitter:card\" content=\"summary_large_image\" \/>\n<meta name=\"twitter:label1\" content=\"Becs\u00fclt olvas\u00e1si id\u0151\">\n\t<meta name=\"twitter:data1\" content=\"2 perc\">\n<script type=\"application\/ld+json\" class=\"yoast-schema-graph\">{\"@context\":\"https:\/\/schema.org\",\"@graph\":[{\"@type\":\"WebSite\",\"@id\":\"https:\/\/regi.mvszsz.hu\/#website\",\"url\":\"https:\/\/regi.mvszsz.hu\/\",\"name\":\"MVSZSZ\",\"description\":\"\",\"potentialAction\":[{\"@type\":\"SearchAction\",\"target\":\"https:\/\/regi.mvszsz.hu\/?s={search_term_string}\",\"query-input\":\"required name=search_term_string\"}],\"inLanguage\":\"hu\"},{\"@type\":\"ImageObject\",\"@id\":\"https:\/\/regi.mvszsz.hu\/?page_id=1485#primaryimage\",\"inLanguage\":\"hu\",\"url\":\"https:\/\/mvszsz.hu\/wp-content\/uploads\/2020\/07\/2020-WABA-logo-magyar_waba-logo-removebg-preview.png\"},{\"@type\":\"WebPage\",\"@id\":\"https:\/\/regi.mvszsz.hu\/?page_id=1485#webpage\",\"url\":\"https:\/\/regi.mvszsz.hu\/?page_id=1485\",\"name\":\"Szoptat\\u00e1si-anyatej vil\\u00e1gnap \\u00e9s vil\\u00e1gh\\u00e9t - MVSZSZ\",\"isPartOf\":{\"@id\":\"https:\/\/regi.mvszsz.hu\/#website\"},\"primaryImageOfPage\":{\"@id\":\"https:\/\/regi.mvszsz.hu\/?page_id=1485#primaryimage\"},\"datePublished\":\"2020-07-28T13:32:38+00:00\",\"dateModified\":\"2020-09-07T16:56:06+00:00\",\"breadcrumb\":{\"@id\":\"https:\/\/regi.mvszsz.hu\/?page_id=1485#breadcrumb\"},\"inLanguage\":\"hu\",\"potentialAction\":[{\"@type\":\"ReadAction\",\"target\":[\"https:\/\/regi.mvszsz.hu\/?page_id=1485\"]}]},{\"@type\":\"BreadcrumbList\",\"@id\":\"https:\/\/regi.mvszsz.hu\/?page_id=1485#breadcrumb\",\"itemListElement\":[{\"@type\":\"ListItem\",\"position\":1,\"item\":{\"@type\":\"WebPage\",\"@id\":\"https:\/\/regi.mvszsz.hu\/\",\"url\":\"https:\/\/regi.mvszsz.hu\/\",\"name\":\"Home\"}},{\"@type\":\"ListItem\",\"position\":2,\"item\":{\"@type\":\"WebPage\",\"@id\":\"https:\/\/regi.mvszsz.hu\/?page_id=1485\",\"url\":\"https:\/\/regi.mvszsz.hu\/?page_id=1485\",\"name\":\"Szoptat\\u00e1si-anyatej vil\\u00e1gnap \\u00e9s vil\\u00e1gh\\u00e9t\"}}]}]}<\/script>\n<!-- \/ Yoast SEO plugin. -->","_links":{"self":[{"href":"https:\/\/regi.mvszsz.hu\/index.php?rest_route=\/wp\/v2\/pages\/1485"}],"collection":[{"href":"https:\/\/regi.mvszsz.hu\/index.php?rest_route=\/wp\/v2\/pages"}],"about":[{"href":"https:\/\/regi.mvszsz.hu\/index.php?rest_route=\/wp\/v2\/types\/page"}],"author":[{"embeddable":true,"href":"https:\/\/regi.mvszsz.hu\/index.php?rest_route=\/wp\/v2\/users\/1"}],"replies":[{"embeddable":true,"href":"https:\/\/regi.mvszsz.hu\/index.php?rest_route=%2Fwp%2Fv2%2Fcomments&post=1485"}],"version-history":[{"count":69,"href":"https:\/\/regi.mvszsz.hu\/index.php?rest_route=\/wp\/v2\/pages\/1485\/revisions"}],"predecessor-version":[{"id":2283,"href":"https:\/\/regi.mvszsz.hu\/index.php?rest_route=\/wp\/v2\/pages\/1485\/revisions\/2283"}],"wp:attachment":[{"href":"https:\/\/regi.mvszsz.hu\/index.php?rest_route=%2Fwp%2Fv2%2Fmedia&parent=1485"}],"curies":[{"name":"wp","href":"https:\/\/api.w.org\/{rel}","templated":true}]}}