{"id":1016,"date":"2020-06-11T12:03:30","date_gmt":"2020-06-11T10:03:30","guid":{"rendered":"https:\/\/mvszsz.hu\/?page_id=1016"},"modified":"2020-08-24T22:39:52","modified_gmt":"2020-08-24T20:39:52","slug":"vedono-webmuzeum","status":"publish","type":"page","link":"https:\/\/regi.mvszsz.hu\/?page_id=1016","title":{"rendered":"V\u00e9d\u0151n\u0151 T\u00f6rt\u00e9neti Webm\u00fazeum"},"content":{"rendered":"\n<section class=\"wp-block-uagb-section uagb-section__wrap uagb-section__background-undefined uagb-block-e773e759\"><div class=\"uagb-section__overlay\"><\/div><div class=\"uagb-section__inner-wrap\">\n<div class=\"wp-block-image\"><figure class=\"aligncenter size-large\"><img loading=\"lazy\" width=\"1024\" height=\"358\" src=\"https:\/\/mvszsz.hu\/wp-content\/uploads\/2020\/06\/MVSZSZ_20_web_m\u00fazeum_logo_C1-01-1-1024x358.png\" alt=\"\" class=\"wp-image-1068\"\/><\/figure><\/div>\n\n\n\n<p><\/p>\n<\/div><\/section>\n\n\n\n<section class=\"wp-block-uagb-columns uagb-columns__wrap uagb-columns__background-color uagb-columns__stack-mobile uagb-columns__valign-undefined uagb-columns__gap-10 alignwide uagb-block-a4bd9e55\"><div class=\"uagb-columns__overlay\"><\/div><div class=\"uagb-columns__inner-wrap uagb-columns__columns-1\">\n<div class=\"wp-block-uagb-column uagb-column__wrap uagb-column__background-color uagb-block-e69c0d76\"><div class=\"uagb-column__overlay\"><\/div><div class=\"uagb-column__inner-wrap\">\n<div style=\"height:50px\" aria-hidden=\"true\" class=\"wp-block-spacer\"><\/div>\n\n\n\n<div class=\"wp-block-uagb-advanced-heading uagb-block-a3bacb28\"><h2 class=\"uagb-heading-text\"> <strong><strong>Kedves L\u00e1togat\u00f3!<\/strong><\/strong><\/h2><p class=\"uagb-desc-text\"><\/p><\/div>\n\n\n\n<section class=\"wp-block-uagb-section uagb-section__wrap uagb-section__background-undefined uagb-block-c4f9ed5e\"><div class=\"uagb-section__overlay\"><\/div><div class=\"uagb-section__inner-wrap\">\n<p>Szeretettel k\u00f6sz\u00f6nt\u00fcnk ezen az oldalon!<\/p>\n\n\n\n<p>Egy nagy terv\u00fcnk kezdeti l\u00e9p\u00e9seibe enged\u00fcnk itt bepillant\u00e1st. Azon dolgozunk, hogy l\u00e9trej\u00f6jj\u00f6n Magyarorsz\u00e1gon egy v\u00e9d\u0151n\u0151i m\u00fazeum, amely m\u00e9lt\u00f3 m\u00f3don mutatja be a v\u00e9d\u0151n\u0151k 105 \u00e9ve folyamatosan meg\u00fajul\u00f3 elhivatott munk\u00e1j\u00e1t.<\/p>\n\n\n\n<p>Olyan m\u00fazeumot tervez\u00fcnk, ahol az orsz\u00e1g minden pontj\u00e1r\u00f3l be\u00e9rkezett t\u00e1rgyak, dokumentumok, relikvi\u00e1k bemutat\u00e1s\u00e1val \u00e1ll\u00edtunk eml\u00e9ket e nemes hivat\u00e1snak.<\/p>\n\n\n\n<p>A leend\u0151 t\u00e1rlat egyik c\u00e9lkit\u0171z\u00e9se a v\u00e9d\u0151n\u0151i hivat\u00e1s t\u00f6rt\u00e9net\u00e9nek bemutat\u00e1sa amelynek&nbsp;Kahlichn\u00e9 prof.emer.dr. Simon M\u00e1rta \u00e1ltal \u00edrt \u00e9s szerkesztetett \u00f6sszefoglal\u00f3j\u00e1t itt tessz\u00fck k\u00f6zz\u00e9. K\u00f6sz\u00f6nj\u00fck Professzor Asszonynak, hogy rendelkez\u00e9s\u00fcnkre bocs\u00e1totta az anyagot!<\/p>\n\n\n\n<p>Eml\u00e9keink, v\u00e9d\u0151n\u0151i t\u00f6rt\u00e9netis\u00e9g\u00fcnk k\u00f6z\u00f6tt \u00e9lvezetes id\u0151t\u00f6lt\u00e9st k\u00edv\u00e1nunk!<\/p>\n\n\n\n<p>Budapest, 2020. j\u00fanius 10.&nbsp;<\/p>\n\n\n\n<p>V\u00e1rfalvi Marianna &#8211; MVSZSZ eln\u00f6k<\/p>\n<\/div><\/section>\n<\/div><\/div>\n<\/div><\/section>\n\n\n\n<div style=\"height:100px\" aria-hidden=\"true\" class=\"wp-block-spacer\"><\/div>\n\n\n\n<figure class=\"wp-block-gallery aligncenter columns-1 is-cropped\"><ul class=\"blocks-gallery-grid\"><li class=\"blocks-gallery-item\"><figure><img loading=\"lazy\" width=\"1811\" height=\"2560\" src=\"https:\/\/mvszsz.hu\/wp-content\/uploads\/2020\/06\/1_stef-page-001-scaled.jpg\" alt=\"\" data-id=\"948\" data-full-url=\"https:\/\/mvszsz.hu\/wp-content\/uploads\/2020\/06\/1_stef-page-001-scaled.jpg\" data-link=\"https:\/\/mvszsz.hu\/1_stef-page-001\/\" class=\"wp-image-948\" srcset=\"https:\/\/regi.mvszsz.hu\/wp-content\/uploads\/2020\/06\/1_stef-page-001-scaled.jpg 1811w, https:\/\/regi.mvszsz.hu\/wp-content\/uploads\/2020\/06\/1_stef-page-001-212x300.jpg 212w, https:\/\/regi.mvszsz.hu\/wp-content\/uploads\/2020\/06\/1_stef-page-001-724x1024.jpg 724w, https:\/\/regi.mvszsz.hu\/wp-content\/uploads\/2020\/06\/1_stef-page-001-768x1086.jpg 768w, https:\/\/regi.mvszsz.hu\/wp-content\/uploads\/2020\/06\/1_stef-page-001-1087x1536.jpg 1087w, https:\/\/regi.mvszsz.hu\/wp-content\/uploads\/2020\/06\/1_stef-page-001-1449x2048.jpg 1449w\" sizes=\"(max-width: 1811px) 100vw, 1811px\" \/><\/figure><\/li><li class=\"blocks-gallery-item\"><figure><img loading=\"lazy\" width=\"1811\" height=\"2560\" src=\"https:\/\/mvszsz.hu\/wp-content\/uploads\/2020\/06\/2_stef2-page-001-scaled.jpg\" alt=\"\" data-id=\"949\" data-full-url=\"https:\/\/mvszsz.hu\/wp-content\/uploads\/2020\/06\/2_stef2-page-001-scaled.jpg\" data-link=\"https:\/\/mvszsz.hu\/2_stef2-page-001\/\" class=\"wp-image-949\" srcset=\"https:\/\/regi.mvszsz.hu\/wp-content\/uploads\/2020\/06\/2_stef2-page-001-scaled.jpg 1811w, https:\/\/regi.mvszsz.hu\/wp-content\/uploads\/2020\/06\/2_stef2-page-001-212x300.jpg 212w, https:\/\/regi.mvszsz.hu\/wp-content\/uploads\/2020\/06\/2_stef2-page-001-724x1024.jpg 724w, https:\/\/regi.mvszsz.hu\/wp-content\/uploads\/2020\/06\/2_stef2-page-001-768x1086.jpg 768w, https:\/\/regi.mvszsz.hu\/wp-content\/uploads\/2020\/06\/2_stef2-page-001-1087x1536.jpg 1087w, https:\/\/regi.mvszsz.hu\/wp-content\/uploads\/2020\/06\/2_stef2-page-001-1449x2048.jpg 1449w\" sizes=\"(max-width: 1811px) 100vw, 1811px\" \/><\/figure><\/li><li class=\"blocks-gallery-item\"><figure><img loading=\"lazy\" width=\"1811\" height=\"2560\" src=\"https:\/\/mvszsz.hu\/wp-content\/uploads\/2020\/06\/3_zold-page-001-scaled.jpg\" alt=\"\" data-id=\"950\" data-full-url=\"https:\/\/mvszsz.hu\/wp-content\/uploads\/2020\/06\/3_zold-page-001-scaled.jpg\" data-link=\"https:\/\/mvszsz.hu\/3_zold-page-001\/\" class=\"wp-image-950\" srcset=\"https:\/\/regi.mvszsz.hu\/wp-content\/uploads\/2020\/06\/3_zold-page-001-scaled.jpg 1811w, https:\/\/regi.mvszsz.hu\/wp-content\/uploads\/2020\/06\/3_zold-page-001-212x300.jpg 212w, https:\/\/regi.mvszsz.hu\/wp-content\/uploads\/2020\/06\/3_zold-page-001-724x1024.jpg 724w, https:\/\/regi.mvszsz.hu\/wp-content\/uploads\/2020\/06\/3_zold-page-001-768x1086.jpg 768w, https:\/\/regi.mvszsz.hu\/wp-content\/uploads\/2020\/06\/3_zold-page-001-1087x1536.jpg 1087w, https:\/\/regi.mvszsz.hu\/wp-content\/uploads\/2020\/06\/3_zold-page-001-1449x2048.jpg 1449w\" sizes=\"(max-width: 1811px) 100vw, 1811px\" \/><\/figure><\/li><li class=\"blocks-gallery-item\"><figure><img loading=\"lazy\" width=\"1811\" height=\"2560\" src=\"https:\/\/mvszsz.hu\/wp-content\/uploads\/2020\/06\/4_zold2-page-001-scaled.jpg\" alt=\"\" data-id=\"951\" data-full-url=\"https:\/\/mvszsz.hu\/wp-content\/uploads\/2020\/06\/4_zold2-page-001-scaled.jpg\" data-link=\"https:\/\/mvszsz.hu\/4_zold2-page-001\/\" class=\"wp-image-951\" srcset=\"https:\/\/regi.mvszsz.hu\/wp-content\/uploads\/2020\/06\/4_zold2-page-001-scaled.jpg 1811w, https:\/\/regi.mvszsz.hu\/wp-content\/uploads\/2020\/06\/4_zold2-page-001-212x300.jpg 212w, https:\/\/regi.mvszsz.hu\/wp-content\/uploads\/2020\/06\/4_zold2-page-001-724x1024.jpg 724w, https:\/\/regi.mvszsz.hu\/wp-content\/uploads\/2020\/06\/4_zold2-page-001-768x1086.jpg 768w, https:\/\/regi.mvszsz.hu\/wp-content\/uploads\/2020\/06\/4_zold2-page-001-1087x1536.jpg 1087w, https:\/\/regi.mvszsz.hu\/wp-content\/uploads\/2020\/06\/4_zold2-page-001-1449x2048.jpg 1449w\" sizes=\"(max-width: 1811px) 100vw, 1811px\" \/><\/figure><\/li><li class=\"blocks-gallery-item\"><figure><img loading=\"lazy\" width=\"1811\" height=\"2560\" src=\"https:\/\/mvszsz.hu\/wp-content\/uploads\/2020\/06\/5_ved-page-001-scaled.jpg\" alt=\"\" data-id=\"952\" data-full-url=\"https:\/\/mvszsz.hu\/wp-content\/uploads\/2020\/06\/5_ved-page-001-scaled.jpg\" data-link=\"https:\/\/mvszsz.hu\/5_ved-page-001\/\" class=\"wp-image-952\" srcset=\"https:\/\/regi.mvszsz.hu\/wp-content\/uploads\/2020\/06\/5_ved-page-001-scaled.jpg 1811w, https:\/\/regi.mvszsz.hu\/wp-content\/uploads\/2020\/06\/5_ved-page-001-212x300.jpg 212w, https:\/\/regi.mvszsz.hu\/wp-content\/uploads\/2020\/06\/5_ved-page-001-724x1024.jpg 724w, https:\/\/regi.mvszsz.hu\/wp-content\/uploads\/2020\/06\/5_ved-page-001-768x1086.jpg 768w, https:\/\/regi.mvszsz.hu\/wp-content\/uploads\/2020\/06\/5_ved-page-001-1087x1536.jpg 1087w, https:\/\/regi.mvszsz.hu\/wp-content\/uploads\/2020\/06\/5_ved-page-001-1449x2048.jpg 1449w\" sizes=\"(max-width: 1811px) 100vw, 1811px\" \/><\/figure><\/li><li class=\"blocks-gallery-item\"><figure><img loading=\"lazy\" width=\"1811\" height=\"2560\" src=\"https:\/\/mvszsz.hu\/wp-content\/uploads\/2020\/06\/6_ved2-page-001-scaled.jpg\" alt=\"\" data-id=\"953\" data-full-url=\"https:\/\/mvszsz.hu\/wp-content\/uploads\/2020\/06\/6_ved2-page-001-scaled.jpg\" data-link=\"https:\/\/mvszsz.hu\/6_ved2-page-001\/\" class=\"wp-image-953\" srcset=\"https:\/\/regi.mvszsz.hu\/wp-content\/uploads\/2020\/06\/6_ved2-page-001-scaled.jpg 1811w, https:\/\/regi.mvszsz.hu\/wp-content\/uploads\/2020\/06\/6_ved2-page-001-212x300.jpg 212w, https:\/\/regi.mvszsz.hu\/wp-content\/uploads\/2020\/06\/6_ved2-page-001-724x1024.jpg 724w, https:\/\/regi.mvszsz.hu\/wp-content\/uploads\/2020\/06\/6_ved2-page-001-768x1086.jpg 768w, https:\/\/regi.mvszsz.hu\/wp-content\/uploads\/2020\/06\/6_ved2-page-001-1087x1536.jpg 1087w, https:\/\/regi.mvszsz.hu\/wp-content\/uploads\/2020\/06\/6_ved2-page-001-1449x2048.jpg 1449w\" sizes=\"(max-width: 1811px) 100vw, 1811px\" \/><\/figure><\/li><li class=\"blocks-gallery-item\"><figure><img loading=\"lazy\" width=\"1811\" height=\"2560\" src=\"https:\/\/mvszsz.hu\/wp-content\/uploads\/2020\/06\/7_fisk-page-001-scaled.jpg\" alt=\"\" data-id=\"954\" data-full-url=\"https:\/\/mvszsz.hu\/wp-content\/uploads\/2020\/06\/7_fisk-page-001-scaled.jpg\" data-link=\"https:\/\/mvszsz.hu\/7_fisk-page-001\/\" class=\"wp-image-954\" srcset=\"https:\/\/regi.mvszsz.hu\/wp-content\/uploads\/2020\/06\/7_fisk-page-001-scaled.jpg 1811w, https:\/\/regi.mvszsz.hu\/wp-content\/uploads\/2020\/06\/7_fisk-page-001-212x300.jpg 212w, https:\/\/regi.mvszsz.hu\/wp-content\/uploads\/2020\/06\/7_fisk-page-001-724x1024.jpg 724w, https:\/\/regi.mvszsz.hu\/wp-content\/uploads\/2020\/06\/7_fisk-page-001-768x1086.jpg 768w, https:\/\/regi.mvszsz.hu\/wp-content\/uploads\/2020\/06\/7_fisk-page-001-1087x1536.jpg 1087w, https:\/\/regi.mvszsz.hu\/wp-content\/uploads\/2020\/06\/7_fisk-page-001-1449x2048.jpg 1449w\" sizes=\"(max-width: 1811px) 100vw, 1811px\" \/><\/figure><\/li><li class=\"blocks-gallery-item\"><figure><img loading=\"lazy\" width=\"1811\" height=\"2560\" src=\"https:\/\/mvszsz.hu\/wp-content\/uploads\/2020\/06\/8_fisk2-page-001-scaled.jpg\" alt=\"\" data-id=\"955\" data-full-url=\"https:\/\/mvszsz.hu\/wp-content\/uploads\/2020\/06\/8_fisk2-page-001-scaled.jpg\" data-link=\"https:\/\/mvszsz.hu\/8_fisk2-page-001\/\" class=\"wp-image-955\" srcset=\"https:\/\/regi.mvszsz.hu\/wp-content\/uploads\/2020\/06\/8_fisk2-page-001-scaled.jpg 1811w, https:\/\/regi.mvszsz.hu\/wp-content\/uploads\/2020\/06\/8_fisk2-page-001-212x300.jpg 212w, https:\/\/regi.mvszsz.hu\/wp-content\/uploads\/2020\/06\/8_fisk2-page-001-724x1024.jpg 724w, https:\/\/regi.mvszsz.hu\/wp-content\/uploads\/2020\/06\/8_fisk2-page-001-768x1086.jpg 768w, https:\/\/regi.mvszsz.hu\/wp-content\/uploads\/2020\/06\/8_fisk2-page-001-1087x1536.jpg 1087w, https:\/\/regi.mvszsz.hu\/wp-content\/uploads\/2020\/06\/8_fisk2-page-001-1449x2048.jpg 1449w\" sizes=\"(max-width: 1811px) 100vw, 1811px\" \/><\/figure><\/li><\/ul><\/figure>\n","protected":false},"excerpt":{"rendered":"","protected":false},"author":1,"featured_media":0,"parent":0,"menu_order":0,"comment_status":"closed","ping_status":"closed","template":"","meta":[],"uagb_featured_image_src":{"full":false,"thumbnail":false,"medium":false,"medium_large":false,"large":false,"1536x1536":false,"2048x2048":false},"uagb_author_info":{"display_name":"AnitaTheDev","author_link":"https:\/\/regi.mvszsz.hu\/?author=1"},"uagb_comment_info":0,"uagb_excerpt":null,"yoast_head":"<!-- This site is optimized with the Yoast SEO plugin v15.9.2 - https:\/\/yoast.com\/wordpress\/plugins\/seo\/ -->\n<title>V\u00e9d\u0151n\u0151 T\u00f6rt\u00e9neti Webm\u00fazeum - MVSZSZ<\/title>\n<meta name=\"description\" content=\"Egy nagy terv\u00fcnk kezdeti l\u00e9p\u00e9seibe enged\u00fcnk itt bepillant\u00e1st. Azon dolgozunk, hogy l\u00e9trej\u00f6jj\u00f6n Magyarorsz\u00e1gon egy v\u00e9d\u0151n\u0151i m\u00fazeum, amely m\u00e9lt\u00f3 m\u00f3don mutatja be a v\u00e9d\u0151n\u0151k 105 \u00e9ve folyamatosan meg\u00fajul\u00f3 elhivatott munk\u00e1j\u00e1t. Olyan m\u00fazeumot tervez\u00fcnk, ahol az orsz\u00e1g minden pontj\u00e1r\u00f3l be\u00e9rkezett t\u00e1rgyak, dokumentumok, relikvi\u00e1k bemutat\u00e1s\u00e1val \u00e1ll\u00edtunk eml\u00e9ket e nemes hivat\u00e1snak.\" \/>\n<meta name=\"robots\" content=\"index, follow, max-snippet:-1, max-image-preview:large, max-video-preview:-1\" \/>\n<link rel=\"canonical\" href=\"https:\/\/regi.mvszsz.hu\/?page_id=1016\" \/>\n<meta property=\"og:locale\" content=\"hu_HU\" \/>\n<meta property=\"og:type\" content=\"article\" \/>\n<meta property=\"og:title\" content=\"V\u00e9d\u0151n\u0151 T\u00f6rt\u00e9neti Webm\u00fazeum - MVSZSZ\" \/>\n<meta property=\"og:description\" content=\"Egy nagy terv\u00fcnk kezdeti l\u00e9p\u00e9seibe enged\u00fcnk itt bepillant\u00e1st. Azon dolgozunk, hogy l\u00e9trej\u00f6jj\u00f6n Magyarorsz\u00e1gon egy v\u00e9d\u0151n\u0151i m\u00fazeum, amely m\u00e9lt\u00f3 m\u00f3don mutatja be a v\u00e9d\u0151n\u0151k 105 \u00e9ve folyamatosan meg\u00fajul\u00f3 elhivatott munk\u00e1j\u00e1t. Olyan m\u00fazeumot tervez\u00fcnk, ahol az orsz\u00e1g minden pontj\u00e1r\u00f3l be\u00e9rkezett t\u00e1rgyak, dokumentumok, relikvi\u00e1k bemutat\u00e1s\u00e1val \u00e1ll\u00edtunk eml\u00e9ket e nemes hivat\u00e1snak.\" \/>\n<meta property=\"og:url\" content=\"https:\/\/regi.mvszsz.hu\/?page_id=1016\" \/>\n<meta property=\"og:site_name\" content=\"MVSZSZ\" \/>\n<meta property=\"article:modified_time\" content=\"2020-08-24T20:39:52+00:00\" \/>\n<meta property=\"og:image\" content=\"https:\/\/mvszsz.hu\/wp-content\/uploads\/2020\/06\/MVSZSZ_20_web_m\u00fazeum_logo_C1-01-1-1024x358.png\" \/>\n<meta name=\"twitter:card\" content=\"summary_large_image\" \/>\n<meta name=\"twitter:label1\" content=\"Becs\u00fclt olvas\u00e1si id\u0151\">\n\t<meta name=\"twitter:data1\" content=\"1 perc\">\n<script type=\"application\/ld+json\" class=\"yoast-schema-graph\">{\"@context\":\"https:\/\/schema.org\",\"@graph\":[{\"@type\":\"WebSite\",\"@id\":\"https:\/\/regi.mvszsz.hu\/#website\",\"url\":\"https:\/\/regi.mvszsz.hu\/\",\"name\":\"MVSZSZ\",\"description\":\"\",\"potentialAction\":[{\"@type\":\"SearchAction\",\"target\":\"https:\/\/regi.mvszsz.hu\/?s={search_term_string}\",\"query-input\":\"required name=search_term_string\"}],\"inLanguage\":\"hu\"},{\"@type\":\"ImageObject\",\"@id\":\"https:\/\/regi.mvszsz.hu\/?page_id=1016#primaryimage\",\"inLanguage\":\"hu\",\"url\":\"https:\/\/mvszsz.hu\/wp-content\/uploads\/2020\/06\/MVSZSZ_20_web_m\\u00fazeum_logo_C1-01-1-1024x358.png\"},{\"@type\":\"WebPage\",\"@id\":\"https:\/\/regi.mvszsz.hu\/?page_id=1016#webpage\",\"url\":\"https:\/\/regi.mvszsz.hu\/?page_id=1016\",\"name\":\"V\\u00e9d\\u0151n\\u0151 T\\u00f6rt\\u00e9neti Webm\\u00fazeum - MVSZSZ\",\"isPartOf\":{\"@id\":\"https:\/\/regi.mvszsz.hu\/#website\"},\"primaryImageOfPage\":{\"@id\":\"https:\/\/regi.mvszsz.hu\/?page_id=1016#primaryimage\"},\"datePublished\":\"2020-06-11T10:03:30+00:00\",\"dateModified\":\"2020-08-24T20:39:52+00:00\",\"description\":\"Egy nagy terv\\u00fcnk kezdeti l\\u00e9p\\u00e9seibe enged\\u00fcnk itt bepillant\\u00e1st. Azon dolgozunk, hogy l\\u00e9trej\\u00f6jj\\u00f6n Magyarorsz\\u00e1gon egy v\\u00e9d\\u0151n\\u0151i m\\u00fazeum, amely m\\u00e9lt\\u00f3 m\\u00f3don mutatja be a v\\u00e9d\\u0151n\\u0151k 105 \\u00e9ve folyamatosan meg\\u00fajul\\u00f3 elhivatott munk\\u00e1j\\u00e1t. Olyan m\\u00fazeumot tervez\\u00fcnk, ahol az orsz\\u00e1g minden pontj\\u00e1r\\u00f3l be\\u00e9rkezett t\\u00e1rgyak, dokumentumok, relikvi\\u00e1k bemutat\\u00e1s\\u00e1val \\u00e1ll\\u00edtunk eml\\u00e9ket e nemes hivat\\u00e1snak.\",\"breadcrumb\":{\"@id\":\"https:\/\/regi.mvszsz.hu\/?page_id=1016#breadcrumb\"},\"inLanguage\":\"hu\",\"potentialAction\":[{\"@type\":\"ReadAction\",\"target\":[\"https:\/\/regi.mvszsz.hu\/?page_id=1016\"]}]},{\"@type\":\"BreadcrumbList\",\"@id\":\"https:\/\/regi.mvszsz.hu\/?page_id=1016#breadcrumb\",\"itemListElement\":[{\"@type\":\"ListItem\",\"position\":1,\"item\":{\"@type\":\"WebPage\",\"@id\":\"https:\/\/regi.mvszsz.hu\/\",\"url\":\"https:\/\/regi.mvszsz.hu\/\",\"name\":\"Home\"}},{\"@type\":\"ListItem\",\"position\":2,\"item\":{\"@type\":\"WebPage\",\"@id\":\"https:\/\/regi.mvszsz.hu\/?page_id=1016\",\"url\":\"https:\/\/regi.mvszsz.hu\/?page_id=1016\",\"name\":\"V\\u00e9d\\u0151n\\u0151 T\\u00f6rt\\u00e9neti Webm\\u00fazeum\"}}]}]}<\/script>\n<!-- \/ Yoast SEO plugin. -->","_links":{"self":[{"href":"https:\/\/regi.mvszsz.hu\/index.php?rest_route=\/wp\/v2\/pages\/1016"}],"collection":[{"href":"https:\/\/regi.mvszsz.hu\/index.php?rest_route=\/wp\/v2\/pages"}],"about":[{"href":"https:\/\/regi.mvszsz.hu\/index.php?rest_route=\/wp\/v2\/types\/page"}],"author":[{"embeddable":true,"href":"https:\/\/regi.mvszsz.hu\/index.php?rest_route=\/wp\/v2\/users\/1"}],"replies":[{"embeddable":true,"href":"https:\/\/regi.mvszsz.hu\/index.php?rest_route=%2Fwp%2Fv2%2Fcomments&post=1016"}],"version-history":[{"count":22,"href":"https:\/\/regi.mvszsz.hu\/index.php?rest_route=\/wp\/v2\/pages\/1016\/revisions"}],"predecessor-version":[{"id":1853,"href":"https:\/\/regi.mvszsz.hu\/index.php?rest_route=\/wp\/v2\/pages\/1016\/revisions\/1853"}],"wp:attachment":[{"href":"https:\/\/regi.mvszsz.hu\/index.php?rest_route=%2Fwp%2Fv2%2Fmedia&parent=1016"}],"curies":[{"name":"wp","href":"https:\/\/api.w.org\/{rel}","templated":true}]}}